{"id":2349,"date":"2023-03-06T02:25:57","date_gmt":"2023-03-06T02:25:57","guid":{"rendered":"https:\/\/centrodeinvestigacioningenieria.udd.cl\/?page_id=2349"},"modified":"2023-03-07T23:32:40","modified_gmt":"2023-03-07T23:32:40","slug":"mision-y-vision","status":"publish","type":"page","link":"https:\/\/cmas.udd.cl\/en\/mision-y-vision\/","title":{"rendered":"Misi\u00f3n y Visi\u00f3n"},"content":{"rendered":"<div data-elementor-type=\"wp-page\" data-elementor-id=\"2349\" class=\"elementor elementor-2349\" data-elementor-post-type=\"page\">\n\t\t\t\t\t\t<section class=\"elementor-section elementor-top-section elementor-element elementor-element-5398666 elementor-section-height-min-height elementor-section-boxed elementor-section-height-default elementor-section-items-middle\" data-id=\"5398666\" data-element_type=\"section\" data-e-type=\"section\" data-settings=\"{&quot;background_background&quot;:&quot;classic&quot;}\">\n\t\t\t\t\t\t<div class=\"elementor-container elementor-column-gap-default\">\n\t\t\t\t\t<div class=\"elementor-column elementor-col-100 elementor-top-column elementor-element elementor-element-07d12cd\" data-id=\"07d12cd\" data-element_type=\"column\" data-e-type=\"column\">\n\t\t\t<div class=\"elementor-widget-wrap elementor-element-populated\">\n\t\t\t\t\t\t<div class=\"elementor-element elementor-element-f93896d elementor-widget elementor-widget-heading\" data-id=\"f93896d\" data-element_type=\"widget\" data-e-type=\"widget\" data-widget_type=\"heading.default\">\n\t\t\t\t<div class=\"elementor-widget-container\">\n\t\t\t\t\t<h2 class=\"elementor-heading-title elementor-size-default\">Centro de Investigaci\u00f3n en Tecnolog\u00edas para la Sociedad (C+)<\/h2>\t\t\t\t<\/div>\n\t\t\t\t<\/div>\n\t\t\t\t\t<\/div>\n\t\t<\/div>\n\t\t\t\t\t<\/div>\n\t\t<\/section>\n\t\t\t\t<section class=\"elementor-section elementor-top-section elementor-element elementor-element-cfd35b7 elementor-section-boxed elementor-section-height-default elementor-section-height-default\" data-id=\"cfd35b7\" data-element_type=\"section\" data-e-type=\"section\">\n\t\t\t\t\t\t<div class=\"elementor-container elementor-column-gap-default\">\n\t\t\t\t\t<div class=\"elementor-column elementor-col-100 elementor-top-column elementor-element elementor-element-8035a56\" data-id=\"8035a56\" data-element_type=\"column\" data-e-type=\"column\">\n\t\t\t<div class=\"elementor-widget-wrap elementor-element-populated\">\n\t\t\t\t\t\t<div class=\"elementor-element elementor-element-9562b3b elementor-align-right elementor-widget elementor-widget-breadcrumbs\" data-id=\"9562b3b\" data-element_type=\"widget\" data-e-type=\"widget\" data-widget_type=\"breadcrumbs.default\">\n\t\t\t\t<div class=\"elementor-widget-container\">\n\t\t\t\t\t<p id=\"breadcrumbs\"><span><span><a href=\"https:\/\/cmas.udd.cl\/en\/\">Home<\/a><\/span><\/span><\/p>\t\t\t\t<\/div>\n\t\t\t\t<\/div>\n\t\t\t\t\t<\/div>\n\t\t<\/div>\n\t\t\t\t\t<\/div>\n\t\t<\/section>\n\t\t\t\t<section class=\"elementor-section elementor-top-section elementor-element elementor-element-504e22f elementor-section-boxed elementor-section-height-default elementor-section-height-default\" data-id=\"504e22f\" data-element_type=\"section\" data-e-type=\"section\">\n\t\t\t\t\t\t<div class=\"elementor-container elementor-column-gap-default\">\n\t\t\t\t\t<div class=\"elementor-column elementor-col-100 elementor-top-column elementor-element elementor-element-e4bac07\" data-id=\"e4bac07\" data-element_type=\"column\" data-e-type=\"column\">\n\t\t\t<div class=\"elementor-widget-wrap elementor-element-populated\">\n\t\t\t\t\t\t<div class=\"elementor-element elementor-element-574279c elementor-widget elementor-widget-heading\" data-id=\"574279c\" data-element_type=\"widget\" data-e-type=\"widget\" data-widget_type=\"heading.default\">\n\t\t\t\t<div class=\"elementor-widget-container\">\n\t\t\t\t\t<h1 class=\"elementor-heading-title elementor-size-default\">\u00bfQui\u00e9nes somos?\u200b<\/h1>\t\t\t\t<\/div>\n\t\t\t\t<\/div>\n\t\t\t\t<div class=\"elementor-element elementor-element-de07e8d elementor-widget elementor-widget-text-editor\" data-id=\"de07e8d\" data-element_type=\"widget\" data-e-type=\"widget\" data-widget_type=\"text-editor.default\">\n\t\t\t\t<div class=\"elementor-widget-container\">\n\t\t\t\t\t\t\t\t\t<p>El Centro de Investigaci\u00f3n en Tecnolog\u00edas para la Sociedad (C+) apunta a fomentar la investigaci\u00f3n, desarrollo e innovaci\u00f3n que permite comprender y abordar desaf\u00edos, problemas y oportunidades que el pa\u00eds enfrenta para su desarrollo, a nivel nacional y regional. Este centro comprende un alto nivel de desarrollo cient\u00edfico, tecnol\u00f3gico y de innovaci\u00f3n para resolver desaf\u00edos tanto productivos, como sociales y culturales. Adem\u00e1s, busca encaminar su accionar en funci\u00f3n de entregar respuestas concretas a las problem\u00e1ticas y necesidades del pa\u00eds, obteniendo as\u00ed, un impacto en la sociedad<\/p>\t\t\t\t\t\t\t\t<\/div>\n\t\t\t\t<\/div>\n\t\t\t\t\t<\/div>\n\t\t<\/div>\n\t\t\t\t\t<\/div>\n\t\t<\/section>\n\t\t\t\t<section class=\"elementor-section elementor-top-section elementor-element elementor-element-247d719 elementor-section-boxed elementor-section-height-default elementor-section-height-default\" data-id=\"247d719\" data-element_type=\"section\" data-e-type=\"section\">\n\t\t\t\t\t\t<div class=\"elementor-container elementor-column-gap-default\">\n\t\t\t\t\t<div class=\"elementor-column elementor-col-50 elementor-top-column elementor-element elementor-element-660c504\" data-id=\"660c504\" data-element_type=\"column\" data-e-type=\"column\">\n\t\t\t<div class=\"elementor-widget-wrap elementor-element-populated\">\n\t\t\t\t\t\t<div class=\"elementor-element elementor-element-74993a3 elementor-widget elementor-widget-heading\" data-id=\"74993a3\" data-element_type=\"widget\" data-e-type=\"widget\" data-widget_type=\"heading.default\">\n\t\t\t\t<div class=\"elementor-widget-container\">\n\t\t\t\t\t<h1 class=\"elementor-heading-title elementor-size-default\">Misi\u00f3n<\/h1>\t\t\t\t<\/div>\n\t\t\t\t<\/div>\n\t\t\t\t<div class=\"elementor-element elementor-element-13c4e93 elementor-widget elementor-widget-text-editor\" data-id=\"13c4e93\" data-element_type=\"widget\" data-e-type=\"widget\" data-widget_type=\"text-editor.default\">\n\t\t\t\t<div class=\"elementor-widget-container\">\n\t\t\t\t\t\t\t\t\t<p>Liderar, integrar y desarrollar investigaci\u00f3n interdisciplinaria con foco tecnol\u00f3gico para enfrentar los cambiantes desaf\u00edos a los que se expone la sociedad y proponer as\u00ed, soluciones transferibles que reconozcan las caracter\u00edsticas y necesidades reales del entorno. A partir del trabajo del Centro se pretende contribuir al medio nacional e internacional, p\u00fablico y privado, as\u00ed como a la formaci\u00f3n de capital humano con una visi\u00f3n de alto impacto social.<\/p>\t\t\t\t\t\t\t\t<\/div>\n\t\t\t\t<\/div>\n\t\t\t\t\t<\/div>\n\t\t<\/div>\n\t\t\t\t<div class=\"elementor-column elementor-col-50 elementor-top-column elementor-element elementor-element-11aabf7\" data-id=\"11aabf7\" data-element_type=\"column\" data-e-type=\"column\">\n\t\t\t<div class=\"elementor-widget-wrap elementor-element-populated\">\n\t\t\t\t\t\t<div class=\"elementor-element elementor-element-b639279 elementor-widget elementor-widget-heading\" data-id=\"b639279\" data-element_type=\"widget\" data-e-type=\"widget\" data-widget_type=\"heading.default\">\n\t\t\t\t<div class=\"elementor-widget-container\">\n\t\t\t\t\t<h1 class=\"elementor-heading-title elementor-size-default\">Visi\u00f3n<\/h1>\t\t\t\t<\/div>\n\t\t\t\t<\/div>\n\t\t\t\t<div class=\"elementor-element elementor-element-3eb3e53 elementor-widget elementor-widget-text-editor\" data-id=\"3eb3e53\" data-element_type=\"widget\" data-e-type=\"widget\" data-widget_type=\"text-editor.default\">\n\t\t\t\t<div class=\"elementor-widget-container\">\n\t\t\t\t\t\t\t\t\t<p>Convertirse en un centro de investigaci\u00f3n interdisciplinario y tecnol\u00f3gico a nivel nacional y regional, reconocido por el impacto social de sus proyectos a partir de la investigaci\u00f3n interdisciplinaria aplicada, el desarrollo tecnol\u00f3gico basado en el contexto y la innovaci\u00f3n al servicio de la sociedad.<\/p>\t\t\t\t\t\t\t\t<\/div>\n\t\t\t\t<\/div>\n\t\t\t\t\t<\/div>\n\t\t<\/div>\n\t\t\t\t\t<\/div>\n\t\t<\/section>\n\t\t\t\t<\/div>","protected":false},"excerpt":{"rendered":"<p>Centro de Investigaci\u00f3n en Tecnolog\u00edas para la Sociedad (C+) \u00bfQui\u00e9nes somos?\u200b El Centro de Investigaci\u00f3n en Tecnolog\u00edas para la Sociedad (C+) apunta a fomentar la investigaci\u00f3n, desarrollo e innovaci\u00f3n que permite comprender y abordar desaf\u00edos, problemas y oportunidades que el pa\u00eds enfrenta para su desarrollo, a nivel nacional y regional. Este centro comprende un alto [&hellip;]<\/p>\n","protected":false},"author":1,"featured_media":0,"parent":0,"menu_order":0,"comment_status":"closed","ping_status":"closed","template":"","meta":{"_acf_changed":false,"footnotes":""},"class_list":["post-2349","page","type-page","status-publish","hentry"],"acf":[],"yoast_head":"<!-- This site is optimized with the Yoast SEO plugin v27.3 - https:\/\/yoast.com\/product\/yoast-seo-wordpress\/ -->\n<title>Misi\u00f3n y Visi\u00f3n - C+<\/title>\n<meta name=\"robots\" content=\"index, follow, max-snippet:-1, max-image-preview:large, max-video-preview:-1\" \/>\n<link rel=\"canonical\" href=\"https:\/\/cmas.udd.cl\/en\/mision-y-vision\/\" \/>\n<meta property=\"og:locale\" content=\"en_US\" \/>\n<meta property=\"og:type\" content=\"article\" \/>\n<meta property=\"og:title\" content=\"Misi\u00f3n y Visi\u00f3n - C+\" \/>\n<meta property=\"og:description\" content=\"Centro de Investigaci\u00f3n en Tecnolog\u00edas para la Sociedad (C+) \u00bfQui\u00e9nes somos?\u200b El Centro de Investigaci\u00f3n en Tecnolog\u00edas para la Sociedad (C+) apunta a fomentar la investigaci\u00f3n, desarrollo e innovaci\u00f3n que permite comprender y abordar desaf\u00edos, problemas y oportunidades que el pa\u00eds enfrenta para su desarrollo, a nivel nacional y regional. Este centro comprende un alto [&hellip;]\" \/>\n<meta property=\"og:url\" content=\"https:\/\/cmas.udd.cl\/en\/mision-y-vision\/\" \/>\n<meta property=\"og:site_name\" content=\"C+\" \/>\n<meta property=\"article:modified_time\" content=\"2023-03-07T23:32:40+00:00\" \/>\n<meta name=\"twitter:card\" content=\"summary_large_image\" \/>\n<meta name=\"twitter:label1\" content=\"Est. reading time\" \/>\n\t<meta name=\"twitter:data1\" content=\"1 minute\" \/>\n<script type=\"application\/ld+json\" class=\"yoast-schema-graph\">{\"@context\":\"https:\\\/\\\/schema.org\",\"@graph\":[{\"@type\":\"WebPage\",\"@id\":\"https:\\\/\\\/cmas.udd.cl\\\/mision-y-vision\\\/\",\"url\":\"https:\\\/\\\/cmas.udd.cl\\\/mision-y-vision\\\/\",\"name\":\"Misi\u00f3n y Visi\u00f3n - C+\",\"isPartOf\":{\"@id\":\"https:\\\/\\\/cmas.udd.cl\\\/#website\"},\"datePublished\":\"2023-03-06T02:25:57+00:00\",\"dateModified\":\"2023-03-07T23:32:40+00:00\",\"breadcrumb\":{\"@id\":\"https:\\\/\\\/cmas.udd.cl\\\/mision-y-vision\\\/#breadcrumb\"},\"inLanguage\":\"en-US\",\"potentialAction\":[{\"@type\":\"ReadAction\",\"target\":[\"https:\\\/\\\/cmas.udd.cl\\\/mision-y-vision\\\/\"]}]},{\"@type\":\"BreadcrumbList\",\"@id\":\"https:\\\/\\\/cmas.udd.cl\\\/mision-y-vision\\\/#breadcrumb\",\"itemListElement\":[{\"@type\":\"ListItem\",\"position\":1,\"name\":\"Home\",\"item\":\"https:\\\/\\\/cmas.udd.cl\\\/\"},{\"@type\":\"ListItem\",\"position\":2,\"name\":\"Misi\u00f3n y Visi\u00f3n\"}]},{\"@type\":\"WebSite\",\"@id\":\"https:\\\/\\\/cmas.udd.cl\\\/#website\",\"url\":\"https:\\\/\\\/cmas.udd.cl\\\/\",\"name\":\"C+\",\"description\":\"Centro Investigaci\u00f3n enTecnolog\u00edas para la Sociedad\",\"publisher\":{\"@id\":\"https:\\\/\\\/cmas.udd.cl\\\/#organization\"},\"potentialAction\":[{\"@type\":\"SearchAction\",\"target\":{\"@type\":\"EntryPoint\",\"urlTemplate\":\"https:\\\/\\\/cmas.udd.cl\\\/?s={search_term_string}\"},\"query-input\":{\"@type\":\"PropertyValueSpecification\",\"valueRequired\":true,\"valueName\":\"search_term_string\"}}],\"inLanguage\":\"en-US\"},{\"@type\":\"Organization\",\"@id\":\"https:\\\/\\\/cmas.udd.cl\\\/#organization\",\"name\":\"C+\",\"url\":\"https:\\\/\\\/cmas.udd.cl\\\/\",\"logo\":{\"@type\":\"ImageObject\",\"inLanguage\":\"en-US\",\"@id\":\"https:\\\/\\\/cmas.udd.cl\\\/#\\\/schema\\\/logo\\\/image\\\/\",\"url\":\"https:\\\/\\\/cmas.udd.cl\\\/wp-content\\\/uploads\\\/2023\\\/05\\\/Logo-compuesto-UDD-Cmas.png\",\"contentUrl\":\"https:\\\/\\\/cmas.udd.cl\\\/wp-content\\\/uploads\\\/2023\\\/05\\\/Logo-compuesto-UDD-Cmas.png\",\"width\":695,\"height\":72,\"caption\":\"C+\"},\"image\":{\"@id\":\"https:\\\/\\\/cmas.udd.cl\\\/#\\\/schema\\\/logo\\\/image\\\/\"}}]}<\/script>\n<!-- \/ Yoast SEO plugin. -->","yoast_head_json":{"title":"Misi\u00f3n y Visi\u00f3n - C+","robots":{"index":"index","follow":"follow","max-snippet":"max-snippet:-1","max-image-preview":"max-image-preview:large","max-video-preview":"max-video-preview:-1"},"canonical":"https:\/\/cmas.udd.cl\/en\/mision-y-vision\/","og_locale":"en_US","og_type":"article","og_title":"Misi\u00f3n y Visi\u00f3n - C+","og_description":"Centro de Investigaci\u00f3n en Tecnolog\u00edas para la Sociedad (C+) \u00bfQui\u00e9nes somos?\u200b El Centro de Investigaci\u00f3n en Tecnolog\u00edas para la Sociedad (C+) apunta a fomentar la investigaci\u00f3n, desarrollo e innovaci\u00f3n que permite comprender y abordar desaf\u00edos, problemas y oportunidades que el pa\u00eds enfrenta para su desarrollo, a nivel nacional y regional. Este centro comprende un alto [&hellip;]","og_url":"https:\/\/cmas.udd.cl\/en\/mision-y-vision\/","og_site_name":"C+","article_modified_time":"2023-03-07T23:32:40+00:00","twitter_card":"summary_large_image","twitter_misc":{"Est. reading time":"1 minute"},"schema":{"@context":"https:\/\/schema.org","@graph":[{"@type":"WebPage","@id":"https:\/\/cmas.udd.cl\/mision-y-vision\/","url":"https:\/\/cmas.udd.cl\/mision-y-vision\/","name":"Misi\u00f3n y Visi\u00f3n - C+","isPartOf":{"@id":"https:\/\/cmas.udd.cl\/#website"},"datePublished":"2023-03-06T02:25:57+00:00","dateModified":"2023-03-07T23:32:40+00:00","breadcrumb":{"@id":"https:\/\/cmas.udd.cl\/mision-y-vision\/#breadcrumb"},"inLanguage":"en-US","potentialAction":[{"@type":"ReadAction","target":["https:\/\/cmas.udd.cl\/mision-y-vision\/"]}]},{"@type":"BreadcrumbList","@id":"https:\/\/cmas.udd.cl\/mision-y-vision\/#breadcrumb","itemListElement":[{"@type":"ListItem","position":1,"name":"Home","item":"https:\/\/cmas.udd.cl\/"},{"@type":"ListItem","position":2,"name":"Misi\u00f3n y Visi\u00f3n"}]},{"@type":"WebSite","@id":"https:\/\/cmas.udd.cl\/#website","url":"https:\/\/cmas.udd.cl\/","name":"C+","description":"Centro Investigaci\u00f3n enTecnolog\u00edas para la Sociedad","publisher":{"@id":"https:\/\/cmas.udd.cl\/#organization"},"potentialAction":[{"@type":"SearchAction","target":{"@type":"EntryPoint","urlTemplate":"https:\/\/cmas.udd.cl\/?s={search_term_string}"},"query-input":{"@type":"PropertyValueSpecification","valueRequired":true,"valueName":"search_term_string"}}],"inLanguage":"en-US"},{"@type":"Organization","@id":"https:\/\/cmas.udd.cl\/#organization","name":"C+","url":"https:\/\/cmas.udd.cl\/","logo":{"@type":"ImageObject","inLanguage":"en-US","@id":"https:\/\/cmas.udd.cl\/#\/schema\/logo\/image\/","url":"https:\/\/cmas.udd.cl\/wp-content\/uploads\/2023\/05\/Logo-compuesto-UDD-Cmas.png","contentUrl":"https:\/\/cmas.udd.cl\/wp-content\/uploads\/2023\/05\/Logo-compuesto-UDD-Cmas.png","width":695,"height":72,"caption":"C+"},"image":{"@id":"https:\/\/cmas.udd.cl\/#\/schema\/logo\/image\/"}}]}},"_links":{"self":[{"href":"https:\/\/cmas.udd.cl\/en\/wp-json\/wp\/v2\/pages\/2349","targetHints":{"allow":["GET"]}}],"collection":[{"href":"https:\/\/cmas.udd.cl\/en\/wp-json\/wp\/v2\/pages"}],"about":[{"href":"https:\/\/cmas.udd.cl\/en\/wp-json\/wp\/v2\/types\/page"}],"author":[{"embeddable":true,"href":"https:\/\/cmas.udd.cl\/en\/wp-json\/wp\/v2\/users\/1"}],"replies":[{"embeddable":true,"href":"https:\/\/cmas.udd.cl\/en\/wp-json\/wp\/v2\/comments?post=2349"}],"version-history":[{"count":21,"href":"https:\/\/cmas.udd.cl\/en\/wp-json\/wp\/v2\/pages\/2349\/revisions"}],"predecessor-version":[{"id":2432,"href":"https:\/\/cmas.udd.cl\/en\/wp-json\/wp\/v2\/pages\/2349\/revisions\/2432"}],"wp:attachment":[{"href":"https:\/\/cmas.udd.cl\/en\/wp-json\/wp\/v2\/media?parent=2349"}],"curies":[{"name":"wp","href":"https:\/\/api.w.org\/{rel}","templated":true}]}}